{"id":7919,"date":"2025-10-14T09:25:34","date_gmt":"2025-10-14T07:25:34","guid":{"rendered":"https:\/\/ekfz.uni-goettingen.de\/optogenetics-meeting-2025\/"},"modified":"2025-10-17T07:49:26","modified_gmt":"2025-10-17T05:49:26","slug":"optogenetics-meeting-2025","status":"publish","type":"page","link":"https:\/\/ekfz.uni-goettingen.de\/en\/optogenetics-meeting-2025\/","title":{"rendered":"Optogenetics Meeting 2025"},"content":{"rendered":"<div class=\"wpb-content-wrapper\">[vc_row row_type=&#8221;main-section&#8221; stukram_section_layout=&#8221;section_grid&#8221;][vc_column][vc_column_text]\n<h3><span style=\"color: #33cccc;\">\u2013 Successfully Concluded with over 100 Participants.<\/span><\/h3>\n<p><strong>From October 9 to 11, 2025, the second Optogenetics Meeting took place in Uslar\/Volpriehausen at the country hotel &#8220;Am Rothenberg&#8221;. During these inspiring days, experts in the field of optogenetics gathered to present and discuss new data. Furthermore, there were exciting insights into the research work.   <\/strong>[\/vc_column_text][vc_single_image image=&#8221;8018&#8243; img_size=&#8221;full&#8221;][vc_column_text]<strong>The Optogenetics Meeting is also a platform for young scientists to present their work in the form of short talks and posters. In total, over 100 people from Europe, America, China, etc. participated. <\/strong><\/p>\n<p><strong>Summary of the event and some highlights:<br \/>\n<\/strong><br \/>\n\u2022 The event was organized by the University Medical Center G\u00f6ttingen, Else Kr\u00f6ner-Fresenius Center for Optogenetic Therapies, represented by Tobias Moser, Emilie Mac\u00e9, and Tobias Br\u00fcgmann, as well as other participating G\u00f6ttingen research institutions.<br \/>\n\u2022 International speakers, guests, and two keynote lectures.<\/p>\n<p>Ilona Grunwald Kadow (University of Bonn) &#8220;Glia\u2013Dopamine Interactions in Metabolic State-Dependent Behavior in Drosophila&#8221;<br \/>\nAndreas M\u00f6glich (University of Bayreuth) &#8220;The Power of the Dark Side &#8211; Optogenetic Control by Near-Infrared Light&#8221;<\/p>\n<p>\u2022 Poster presentations<br \/>\n\u2022 Short talks by early career researchers<br \/>\n\u2022 Awards for best presentation and best posters[\/vc_column_text][vc_empty_space height=&#8221;50px&#8221;][\/vc_column][\/vc_row][vc_row row_type=&#8221;main-section&#8221; stukram_section_layout=&#8221;section_grid&#8221;][vc_column width=&#8221;1\/2&#8243;][vc_column_text]<strong>The closing of the event was moderated by Emilie Mac\u00e9. She had the special task of congratulating the winners of the talk and poster prizes and presenting them with their certificates. <\/strong><\/p>\n<p><strong>The awards for the best poster went to:<\/strong><br \/>\n<strong>Lennard Rohr<\/strong>, Ruhr University Bochum<br \/>\n<strong>Shreshth Shekhar<\/strong>, University Medical Center G\u00f6ttingen, Department of Ophthalmology<br \/>\nTitle: Brain wide correlates of optogenetic vision restoration using functional ultrasound imaging<\/p>\n<p><strong>Raluca Tifrea<\/strong>, Charit\u00e9, University Medicine Berlin<br \/>\nTitle: Advancing Optogenetic Inhibition: New and Improved Potassium-Selective Channelrhodopsins for prolonged hyperpolarization<\/p>\n<p><strong>Nils Witte<\/strong>, Charit\u00e9, Cluster of Excellence NeuroCure<br \/>\nTitle: Light-induced Calcium Signaling in Subcellular Compartments<\/p>\n<p><strong>Anna Vavakou<\/strong>, University Medical Center G\u00f6ttingen, Institute for Auditory Neuroscience<br \/>\nTitle: Advancing optogenetic hearing restoration through cross-modal optimization[\/vc_column_text][vc_empty_space height=&#8221;50px&#8221;][\/vc_column][vc_column width=&#8221;1\/2&#8243;][vc_single_image image=&#8221;7882&#8243; img_size=&#8221;full&#8221;][vc_column_text]Photo: Emilie Mac\u00e9, Anna Vavakou, Lennard Rohr, Raluca Tifrea, Nils Witte, Shreshth Shekahar (from left to right)[\/vc_column_text][vc_empty_space height=&#8221;50px&#8221;][\/vc_column][\/vc_row][vc_row row_type=&#8221;main-section&#8221; stukram_section_layout=&#8221;section_grid&#8221; stukram_content_position_opt=&#8221;justify-content-center&#8221; stukram_df_padding_top=&#8221;layout-pt-xs&#8221; stukram_df_padding_bottom=&#8221;layout-pb-xs&#8221; stukram_padding_top=&#8221;25&#8243; stukram_padding_bottom=&#8221;25&#8243;][vc_column width=&#8221;1\/3&#8243; css=&#8221;.vc_custom_1760427333208{padding-right: 80px !important;}&#8221;][vc_single_image image=&#8221;7884&#8243; img_size=&#8221;full&#8221; alignment=&#8221;right&#8221;][vc_column_text]<strong>Niels Albrecht<\/strong>[\/vc_column_text][\/vc_column][vc_column width=&#8221;1\/2&#8243;][vc_column_text]The best talk was chosen by the audience. Participants were able to cast their votes online for this. <g id=\"gid_0\">Niels Albrecht<\/g> from the University Medical Center G\u00f6ttingen (Department of ENT) was delighted with the voting result for his talk on &#8220;Spectrally distinct responses to LED-based optogenetic cochlear implant stimulation of the cochlea\u201d. He prevailed over his colleagues with the most votes.[\/vc_column_text][vc_column_text]We extend our sincere congratulations to all winners for their outstanding achievements.<\/p>\n<p>Furthermore, our thanks go to all speakers, guests, sponsors, and organizers for their contributions, support, and valuable, inspiring exchange.<\/p>\n<p>For more information, visit:<br \/>\n<a href=\"https:\/\/www.optogenetics2025.uni-goettingen.de\" target=\"_blank\" rel=\"noopener\">optogenetics2025.uni-goettingen.de<\/a><br \/>\n<a href=\"https:\/\/www.ekfz.uni-goettingen.de\">ekfz.uni-goettingen.de<\/a><br \/>\n<a href=\"https:\/\/www.mbexc.de\" target=\"_blank\" rel=\"noopener\">Mbexc.de<\/a>[\/vc_column_text][\/vc_column][vc_column width=&#8221;1\/6&#8243;][\/vc_column][\/vc_row][vc_row row_type=&#8221;main-section&#8221; stukram_section_layout=&#8221;section_grid&#8221;][vc_column][vc_empty_space height=&#8221;50px&#8221;][vc_masonry_media_grid gap=&#8221;20&#8243; grid_id=&#8221;vc_gid:1760437408729-4765b6c8-d836-7&#8243; include=&#8221;7914,7910,7916,7912,7908,7906,7904,7902,7900,7898,7894,7896,7892,7890,7888&#8243;][\/vc_column][\/vc_row]\n<\/div>","protected":false},"excerpt":{"rendered":"<p>[vc_row row_type=&#8221;main-section&#8221; stukram_section_layout=&#8221;section_grid&#8221;][vc_column][vc_column_text] \u2013 Successfully Concluded with over 100 Participants. From October 9 to 11, 2025, the second Optogenetics Meeting took place&#8230;<\/p>\n","protected":false},"author":2,"featured_media":0,"parent":0,"menu_order":10,"comment_status":"closed","ping_status":"closed","template":"","meta":{"_acf_changed":false,"footnotes":""},"class_list":["post-7919","page","type-page","status-publish","hentry"],"acf":[],"yoast_head":"<!-- This site is optimized with the Yoast SEO plugin v25.4 - https:\/\/yoast.com\/wordpress\/plugins\/seo\/ -->\n<title>Optogenetics Meeting 2025 - ekfz<\/title>\n<meta name=\"robots\" content=\"index, follow, max-snippet:-1, max-image-preview:large, max-video-preview:-1\" \/>\n<link rel=\"canonical\" href=\"https:\/\/ekfz.uni-goettingen.de\/en\/optogenetics-meeting-2025\/\" \/>\n<meta property=\"og:locale\" content=\"en_US\" \/>\n<meta property=\"og:type\" content=\"article\" \/>\n<meta property=\"og:title\" content=\"Optogenetics Meeting 2025 - ekfz\" \/>\n<meta property=\"og:description\" content=\"[vc_row row_type=&#8221;main-section&#8221; stukram_section_layout=&#8221;section_grid&#8221;][vc_column][vc_column_text] \u2013 Successfully Concluded with over 100 Participants. From October 9 to 11, 2025, the second Optogenetics Meeting took place...\" \/>\n<meta property=\"og:url\" content=\"https:\/\/ekfz.uni-goettingen.de\/en\/optogenetics-meeting-2025\/\" \/>\n<meta property=\"og:site_name\" content=\"ekfz\" \/>\n<meta property=\"article:modified_time\" content=\"2025-10-17T05:49:26+00:00\" \/>\n<meta name=\"twitter:card\" content=\"summary_large_image\" \/>\n<meta name=\"twitter:label1\" content=\"Est. reading time\" \/>\n\t<meta name=\"twitter:data1\" content=\"3 minutes\" \/>\n<script type=\"application\/ld+json\" class=\"yoast-schema-graph\">{\"@context\":\"https:\/\/schema.org\",\"@graph\":[{\"@type\":\"WebPage\",\"@id\":\"https:\/\/ekfz.uni-goettingen.de\/en\/optogenetics-meeting-2025\/\",\"url\":\"https:\/\/ekfz.uni-goettingen.de\/en\/optogenetics-meeting-2025\/\",\"name\":\"Optogenetics Meeting 2025 - ekfz\",\"isPartOf\":{\"@id\":\"https:\/\/ekfz.uni-goettingen.de\/en\/#website\"},\"datePublished\":\"2025-10-14T07:25:34+00:00\",\"dateModified\":\"2025-10-17T05:49:26+00:00\",\"breadcrumb\":{\"@id\":\"https:\/\/ekfz.uni-goettingen.de\/en\/optogenetics-meeting-2025\/#breadcrumb\"},\"inLanguage\":\"en-US\",\"potentialAction\":[{\"@type\":\"ReadAction\",\"target\":[\"https:\/\/ekfz.uni-goettingen.de\/en\/optogenetics-meeting-2025\/\"]}]},{\"@type\":\"BreadcrumbList\",\"@id\":\"https:\/\/ekfz.uni-goettingen.de\/en\/optogenetics-meeting-2025\/#breadcrumb\",\"itemListElement\":[{\"@type\":\"ListItem\",\"position\":1,\"name\":\"Startseite\",\"item\":\"https:\/\/ekfz.uni-goettingen.de\/en\/\"},{\"@type\":\"ListItem\",\"position\":2,\"name\":\"Optogenetics Meeting 2025\"}]},{\"@type\":\"WebSite\",\"@id\":\"https:\/\/ekfz.uni-goettingen.de\/en\/#website\",\"url\":\"https:\/\/ekfz.uni-goettingen.de\/en\/\",\"name\":\"ekfz\",\"description\":\"Else Kr\u00f6ner Fresenius Zentrum f\u00fcr Optogenetische Therapien\",\"potentialAction\":[{\"@type\":\"SearchAction\",\"target\":{\"@type\":\"EntryPoint\",\"urlTemplate\":\"https:\/\/ekfz.uni-goettingen.de\/en\/?s={search_term_string}\"},\"query-input\":{\"@type\":\"PropertyValueSpecification\",\"valueRequired\":true,\"valueName\":\"search_term_string\"}}],\"inLanguage\":\"en-US\"}]}<\/script>\n<!-- \/ Yoast SEO plugin. -->","yoast_head_json":{"title":"Optogenetics Meeting 2025 - ekfz","robots":{"index":"index","follow":"follow","max-snippet":"max-snippet:-1","max-image-preview":"max-image-preview:large","max-video-preview":"max-video-preview:-1"},"canonical":"https:\/\/ekfz.uni-goettingen.de\/en\/optogenetics-meeting-2025\/","og_locale":"en_US","og_type":"article","og_title":"Optogenetics Meeting 2025 - ekfz","og_description":"[vc_row row_type=&#8221;main-section&#8221; stukram_section_layout=&#8221;section_grid&#8221;][vc_column][vc_column_text] \u2013 Successfully Concluded with over 100 Participants. From October 9 to 11, 2025, the second Optogenetics Meeting took place...","og_url":"https:\/\/ekfz.uni-goettingen.de\/en\/optogenetics-meeting-2025\/","og_site_name":"ekfz","article_modified_time":"2025-10-17T05:49:26+00:00","twitter_card":"summary_large_image","twitter_misc":{"Est. reading time":"3 minutes"},"schema":{"@context":"https:\/\/schema.org","@graph":[{"@type":"WebPage","@id":"https:\/\/ekfz.uni-goettingen.de\/en\/optogenetics-meeting-2025\/","url":"https:\/\/ekfz.uni-goettingen.de\/en\/optogenetics-meeting-2025\/","name":"Optogenetics Meeting 2025 - ekfz","isPartOf":{"@id":"https:\/\/ekfz.uni-goettingen.de\/en\/#website"},"datePublished":"2025-10-14T07:25:34+00:00","dateModified":"2025-10-17T05:49:26+00:00","breadcrumb":{"@id":"https:\/\/ekfz.uni-goettingen.de\/en\/optogenetics-meeting-2025\/#breadcrumb"},"inLanguage":"en-US","potentialAction":[{"@type":"ReadAction","target":["https:\/\/ekfz.uni-goettingen.de\/en\/optogenetics-meeting-2025\/"]}]},{"@type":"BreadcrumbList","@id":"https:\/\/ekfz.uni-goettingen.de\/en\/optogenetics-meeting-2025\/#breadcrumb","itemListElement":[{"@type":"ListItem","position":1,"name":"Startseite","item":"https:\/\/ekfz.uni-goettingen.de\/en\/"},{"@type":"ListItem","position":2,"name":"Optogenetics Meeting 2025"}]},{"@type":"WebSite","@id":"https:\/\/ekfz.uni-goettingen.de\/en\/#website","url":"https:\/\/ekfz.uni-goettingen.de\/en\/","name":"ekfz","description":"Else Kr\u00f6ner Fresenius Zentrum f\u00fcr Optogenetische Therapien","potentialAction":[{"@type":"SearchAction","target":{"@type":"EntryPoint","urlTemplate":"https:\/\/ekfz.uni-goettingen.de\/en\/?s={search_term_string}"},"query-input":{"@type":"PropertyValueSpecification","valueRequired":true,"valueName":"search_term_string"}}],"inLanguage":"en-US"}]}},"_links":{"self":[{"href":"https:\/\/ekfz.uni-goettingen.de\/en\/wp-json\/wp\/v2\/pages\/7919","targetHints":{"allow":["GET"]}}],"collection":[{"href":"https:\/\/ekfz.uni-goettingen.de\/en\/wp-json\/wp\/v2\/pages"}],"about":[{"href":"https:\/\/ekfz.uni-goettingen.de\/en\/wp-json\/wp\/v2\/types\/page"}],"author":[{"embeddable":true,"href":"https:\/\/ekfz.uni-goettingen.de\/en\/wp-json\/wp\/v2\/users\/2"}],"replies":[{"embeddable":true,"href":"https:\/\/ekfz.uni-goettingen.de\/en\/wp-json\/wp\/v2\/comments?post=7919"}],"version-history":[{"count":68,"href":"https:\/\/ekfz.uni-goettingen.de\/en\/wp-json\/wp\/v2\/pages\/7919\/revisions"}],"predecessor-version":[{"id":8237,"href":"https:\/\/ekfz.uni-goettingen.de\/en\/wp-json\/wp\/v2\/pages\/7919\/revisions\/8237"}],"wp:attachment":[{"href":"https:\/\/ekfz.uni-goettingen.de\/en\/wp-json\/wp\/v2\/media?parent=7919"}],"curies":[{"name":"wp","href":"https:\/\/api.w.org\/{rel}","templated":true}]}}