{"id":6520,"date":"2025-02-18T16:54:50","date_gmt":"2025-02-18T15:54:50","guid":{"rendered":"https:\/\/ekfz.uni-goettingen.de\/privacy-policy\/"},"modified":"2025-06-27T11:22:30","modified_gmt":"2025-06-27T09:22:30","slug":"privacy-policy","status":"publish","type":"page","link":"https:\/\/ekfz.uni-goettingen.de\/en\/privacy-policy\/","title":{"rendered":"Privacy Policy"},"content":{"rendered":"<div class=\"wpb-content-wrapper\">[vc_row row_type=&#8221;main-section&#8221; stukram_section_layout=&#8221;section_grid&#8221;][vc_column][vc_column_text]\n<h4>1. Scope<\/h4>\n<p>This privacy policy informs users about the nature, scope, and purpose of the processing of personal data by the controller according to Art. 4 No. 7 GDPR, namely the <\/p>\n<p><strong>Georg-August-University G\u00f6ttingen<\/strong><br \/>\nPublic Law Foundation<br \/>\nUniversity Medical Center G\u00f6ttingen<br \/>\nRobert-Koch-Str. 40<br \/>\n37075 G\u00f6ttingen <\/p>\n<p>represented by the Board<br \/>\nPhone: 0551 390<br \/>\nEmail: <a href=\"https:\/\/www.umg.eu\/datenschutz\/\">poststelle(at)med.uni-goettingen.de<\/a><br \/>\n(hereinafter referred to as \u201cUMG\u201d)<\/p>\n<p>within the framework of the internet service provided at <a href=\"http:\/\/www.med.uni-goettingen.de\/\">https:\/\/www.umg.eu<\/a> &#8211; hereinafter referred to as \u201cwebsite\u201d.<\/p>\n<p>The legal foundations of data protection can be found in the General Data Protection Regulation (GDPR), the Federal Data Protection Act (BDSG), the Lower Saxony Data Protection Act (NdsDSG), and the Telemedia Act (TMG). The UMG declares to comply with the applicable laws, especially when processing personal data. <\/p>\n<p><strong> <\/strong><\/p>\n<h4>Contact to the Data Protection Officer of UMG<\/h4>\n<p><strong>University Medical Center G\u00f6ttingen<\/strong><br \/>\n-Data Protection Officer-<br \/>\n37099 G\u00f6ttingen<br \/>\nPhone: 0551 3962762<br \/>\n<a href=\"https:\/\/www.umg.eu\/datenschutz\/\">datenschutz(at)med.uni-goettingen.de<\/a><\/p>\n<p><strong> <\/strong><\/p>\n<h4>Data Protection Supervisory Authority Responsible for UMG in Matters of Data Protection<\/h4>\n<p>The State Commissioner for Data Protection of Lower Saxony<br \/>\nPrinzenstra\u00dfe 5<br \/>\n30159 Hannover<br \/>\nPhone: 0511 120 45 00<br \/>\nFax: 0511 120 45 99<br \/>\n<a href=\"https:\/\/www.umg.eu\/datenschutz\/\">poststelle(at)lfd.niedersachsen.de<\/a><\/p>\n<p>Excluded from this declaration are other websites and subdomains that are not managed in the central Content Management System (typo3 CMS) of UMG. For these internet presences, the data protection responsibility lies with the respective departments or persons who created these pages. <\/p>\n<p><strong> <\/strong><\/p>\n<h4>2. Handling of Personal Data<\/h4>\n<p><strong>Personal data<\/strong> is all information relating to an identified or identifiable natural person; an identifiable natural person is one who can be identified, directly or indirectly, in particular by reference to an identifier such as a name, an identification number, location data, an online identifier or to one or more factors specific to the physical, physiological, genetic, mental, economic, cultural or social identity of that natural person (Art. 4 No. 1 GDPR)<\/p>\n<p>The law refers to the processing of personal data: <strong>Processing<\/strong> means any operation or set of operations which is performed on personal data or on sets of personal data, whether or not by automated means, such as collection, recording, organization, structuring, storage, adaptation or alteration, retrieval, consultation, use, disclosure by transmission, dissemination or otherwise making available, alignment or combination, restriction, erasure or destruction (Art. 4 No. 2 GDPR). Personal data is only processed by UMG if this is legally permitted or if users consent to the processing (see Art. 6 GDPR). <\/p>\n<p><strong> <\/strong><\/p>\n<h4>2.1 Processing when Visiting the Website<\/h4>\n<p>By visiting this website, information about the access (date, time, viewed page) may be stored through the use of Matomo as a web analytics tool.<\/p>\n<p>The Matomo web analytics tool uses cookies to enable the website operator to collect and analyze various statistical data, for example to improve the quality of the website&#8217;s structure and content or to enable user-oriented and smooth navigation. Cookies are small text files that are stored on the users&#8217; hard drive, assigned to the browser used. They provide certain information to the party that sets the cookie (in this case UMG). On the one hand, they serve the user-friendliness of websites and thus the users, for example in the context of storing login data. On the other hand, the information helps to collect statistical data on website usage and analyze it to improve the offer.    <\/p>\n<p>So-called \u201csession cookies\u201d are used, limited to the duration of the website use, which allow, for example, storing device-specific information on the users&#8217; access device (PC, smartphone, etc.). This allows the user&#8217;s computer to be recognized when they return to our website. Session cookies are automatically deleted as so-called \u201ctransient cookies\u201d when users close the browser or log out.   <strong>Cookies cannot cause any damage to the computer.<\/strong> They do not pose a security threat in terms of viruses or spying on the computer.<\/p>\n<p>Users can influence the use of cookies. Most current browsers have an option to restrict or completely prevent the storage of cookies. Many online advertising cookies from companies can be blocked via the US website <a href=\"http:\/\/www.aboutads.info\/choices\/\">http:\/\/www.aboutads.info\/choices\/<\/a> or the EU website <a href=\"http:\/\/www.youronlinechoices.com\/uk\/your-ad-choices\/\">http:\/\/www.youronlinechoices.com\/uk\/your-ad-choices\/<\/a>.  <\/p>\n<p>If you agree to the use of the web analytics cookie by the Matomo web analytics tool, the following usage data will be collected and stored in a database when accessing the website:<\/p>\n<ul>\n<li>\u2022 IP address (in shortened form, 2 bytes, e.g., 192.168.xxx.xxx)<\/li>\n<li>\u2022 Date and time of the request<\/li>\n<li>\u2022 Page title of the accessed page<\/li>\n<li>\u2022 URL (address) of the accessed page<\/li>\n<li>\u2022 Previous URL (address) of the accessed page<\/li>\n<li>\u2022 Used display resolution<\/li>\n<li>\u2022 Time zone<\/li>\n<li>\u2022 File that was clicked or downloaded<\/li>\n<li>\u2022 External link that was clicked<\/li>\n<li>\u2022 User&#8217;s location (country, region, city)<\/li>\n<li>\u2022 Browser language<\/li>\n<li>\u2022 Browser<\/li>\n<\/ul>\n<p>The processing of the log file and use of the web analytics cookie is solely for statistical purposes.<\/p>\n<p><strong> <\/strong><\/p>\n<h4>2.2 Processing when Contacting via Email or Contact Form<\/h4>\n<p>If personal data (e.g., name, address, and email addresses) is collected via the contact form or email inquiry, this is always done on a voluntary basis. We point out that personal data provided to us in the context of initial inquiries via email is processed electronically in order to process the inquiries. <\/p>\n<p>In this context, it should be noted that communication via email may have security gaps. In particular, manipulation of electronic documents by third parties cannot be completely ruled out. Furthermore, it is possible for knowledgeable experts to view or modify emails on their way to UMG. If users do <strong>not<\/strong> want to take the risks associated with email use, another form of communication should be chosen.   <\/p>\n<p>Additional personal data is only processed if it was provided in the email itself, for example, if this serves to conclude confidentiality agreements or other contracts.<\/p>\n<p>Data will only be passed on to third parties if this is necessary to achieve the purpose pursued with the inquiry (e.g., for processing personal data to fulfill a contract [cf. Art. 6 Para. 1b GDPR] or to fulfill legal obligations [cf. Art. 6 Para. 1c GDPR] or if vital interests of the data subject make this necessary [cf. Art. 6 Para. 1d GDPR]).<\/p>\n<p><strong> <\/strong><\/p>\n<h4>2.3 Integration of Usercentrics<\/h4>\n<p>This website uses the consent management technology from Usercentrics to obtain your consent for the storage of certain cookies on your end device or for the use of certain technologies and to document this in a data protection-compliant manner. The provider of this technology is Usercentrics GmbH, Sendlinger Stra\u00dfe 7, 80331 Munich, Website: <a href=\"https:\/\/usercentrics.com\/de\">https:\/\/usercentrics.com\/de<\/a> (hereinafter referred to as \u201cUsercentrics\u201d). <\/p>\n<p>When you visit our website, technical and personal data is transferred to Usercentrics:<\/p>\n<ul>\n<li>\u2022 Your consent(s) or the withdrawal of your consent(s)<\/li>\n<li>\u2022 Your IP address<\/li>\n<li>\u2022 Information about your browser<\/li>\n<li>\u2022 Information about your end device<\/li>\n<li>\u2022 Time of your visit to the website<\/li>\n<\/ul>\n<p>Furthermore, Usercentrics stores a cookie in your browser to be able to assign the given consents or their withdrawal to you. The data collected in this way is stored until you request us to delete it, delete the Usercentrics cookie yourself, or the purpose for data storage no longer applies. Mandatory statutory retention obligations remain unaffected.  <\/p>\n<p>Usercentrics is used to obtain the legally required consents for the use of certain technologies. The legal basis for this is Art. 6 Para. 1 lit. c GDPR.   <\/p>\n<p><strong> <\/strong><\/p>\n<h4>2.4 Integration of YouTube Videos<\/h4>\n<p>YouTube videos are embedded on this website, which are stored on <a href=\"http:\/\/www.YouTube.com\">http:\/\/www.YouTube.com<\/a> and can be played directly from our website.<\/p>\n<p>By visiting the website, YouTube receives the information that you have accessed the corresponding subpage of our website. In addition, the following data is transmitted to YouTube: <\/p>\n<ul>\n<li>\u2022 Your IP address<\/li>\n<li>\u2022 Date and time of the request<\/li>\n<li>\u2022 Information about your browser<\/li>\n<li>\u2022 Information about your end device<\/li>\n<li>\u2022 Referrer URL (the previously visited website)<\/li>\n<li>\u2022 Viewed videos<\/li>\n<\/ul>\n<p>The data transmission occurs regardless of whether YouTube provides a user account through which you are logged in or whether no user account exists. If you are logged in to Google, your data will be directly associated with your account. If you do not wish to be associated with your profile on YouTube, you must log out before activating the button. YouTube stores your data as usage profiles and uses them for purposes of advertising, market research and\/or needs-based design of its website. Such an evaluation is carried out in particular (even for users who are not logged in) to provide appropriate advertising and to inform other users of the social network about your activities on our website. You have the right to object to the creation of these user profiles, whereby you must contact YouTube to exercise this right.     <\/p>\n<p>Further information on the purpose and scope of data collection and its processing by YouTube can be found in the privacy policy. There you will also find further information about your rights and setting options to protect your privacy: <a href=\"https:\/\/www.google.de\/intl\/de\/policies\/privacy\">https:\/\/www.google.de\/intl\/de\/policies\/privacy<\/a>. Google also processes your personal data in the USA and has submitted to the EU-US Privacy Shield, <a href=\"https:\/\/www.privacyshield.gov\/EU-US-Framework\">https:\/\/www.privacyshield.gov\/EU-US-Framework<\/a>.  <\/p>\n<p><strong> <\/strong><\/p>\n<h4>2.5 Integration of Gr\u00fcn Spendino Donation Forms<\/h4>\n<p>Donation forms from GR\u00dcN spendino are integrated on this website. The technical operator of GR\u00dcN spendino is GR\u00dcN Software Group GmbH, Pascalstra\u00dfe 6, 52076 Aachen, Germany. <\/p>\n<p>When you visit pages with an embedded donation form, a connection is established with the servers of GR\u00dcN Software Group GmbH. In addition, the following data is transmitted to GR\u00dcN spendino: <\/p>\n<ul>\n<li>\u2022 Your IP address<\/li>\n<li>\u2022 Information about your browser<\/li>\n<li>\u2022 Information about your end device<\/li>\n<li>\u2022 Time of your visit to the website<\/li>\n<\/ul>\n<p>Solely for the purpose of donation collection and donation management, your personal data such as first name, last name, street, house number, city, postal code, account holder, and account details are processed and stored when using the form.<\/p>\n<p>For further information on the collection, processing, storage, and deletion of your data, please refer to the <a href=\"https:\/\/www.umg.eu\/fileadmin\/Redaktion\/Dachportal\/006_Ueber_uns\/id152_Spenden_Foerdern\/Datenschutzhinweise_Fundraising_Gr%C3%BCn.pdf\">Privacy Policy for Fundraising<\/a> and the <a href=\"https:\/\/www.gruen.net\/datenschutz\/\">Privacy Policy of GR\u00dcN Software Group GmbH<\/a>.<\/p>\n<p><strong> <\/strong><\/p>\n<h4>2.6 Heroes Job Board<\/h4>\n<p>A job board from Heroes is integrated on this website. The technical operator of the job board is heroes GmbH, Welfenstra\u00dfe 22, 81541 Munich, Germany. When you visit pages with an embedded job board, a connection is established with the servers of heroes GmbH. In addition, the following data is transmitted to heroes:   <\/p>\n<ul>\n<li>\u2022 Your IP address<\/li>\n<li>\u2022 Date and time of the request<\/li>\n<li>\u2022 Information about your browser<\/li>\n<li>\u2022 Information about your end device<\/li>\n<li>\u2022 External link that was clicked<\/li>\n<\/ul>\n<p>For further information on the purpose and scope of data collection and its processing by Heroes, as well as on objection, please refer to Heroes&#8217; privacy policy: <a href=\"https:\/\/heroes.eu\/datenschutzerkl%C3%A4rung\">https:\/\/heroes.eu\/datenschutzerkl%C3%A4rung<\/a><\/p>\n<p>If you want to view details of a job posting or apply online to our company, you will be redirected directly to the UMG&#8217;s external career portal. Information on how applicants are handled can be found in the privacy policy of the applicant portal: <a href=\"https:\/\/umg.recruiting-portal.com\/main.do\">https:\/\/umg.recruiting-portal.com\/main.do<\/a> <\/p>\n<p><strong> <\/strong><\/p>\n<h4>2.7 Podcaster.De Podcast Hosting<\/h4>\n<p>This website uses the podcast hosting service Podcaster.de, Brunnenstra\u00dfe 147, 10115 Berlin, Germany. The podcasts are loaded from Podcaster.de or transmitted via Podcaster.de. <\/p>\n<p>The use is based on our legitimate interests, i.e., interest in a secure and efficient provision, analysis, and optimization of our podcast offerings in accordance with Art. 6 para. 1 lit. f. GDPR.   <\/p>\n<p>Podcaster.de processes IP addresses, browser and device information to enable podcast downloads\/playbacks and to determine statistical data.<\/p>\n<p>Further information and opt-out options can be found in Podcaster.de&#8217;s privacy policy: <a href=\"https:\/\/www.podcaster.de\/privacy\">https:\/\/www.podcaster.de\/privacy<\/a>.<\/p>\n<p><strong> <\/strong><\/p>\n<h4>2.8 Podigee Podcast Hosting<\/h4>\n<p>This website uses the podcast hosting service Podigee provided by Podigee GmbH, Schlesische Stra\u00dfe 20, 10997 Berlin, Germany. The podcasts are loaded from Podigee or transmitted via Podigee. <\/p>\n<p>The use is based on our legitimate interests, i.e., interest in a secure and efficient provision, analysis, and optimization of our podcast offerings in accordance with Art. 6 para. 1 lit. f. GDPR.   <\/p>\n<p>Podigee processes IP addresses and device information to enable podcast downloads\/playbacks and to determine statistical data, such as access numbers. This data is anonymized or pseudonymized before being stored in Podigee&#8217;s database, unless it is necessary for providing the podcasts. <\/p>\n<p>Further information and opt-out options can be found in Podigee&#8217;s privacy policy: <a href=\"https:\/\/www.podigee.com\/de\/about\/privacy\/\">https:\/\/www.podigee.com\/de\/about\/privacy\/<\/a>.<\/p>\n<p><strong> <\/strong><\/p>\n<h4>2.9 External Links<\/h4>\n\n<table id=\"tablepress-50\" class=\"tablepress tablepress-id-50\">\n<thead>\n<tr class=\"row-1\">\n\t<td class=\"column-1\"><\/td>\n<\/tr>\n<\/thead>\n<tbody>\n<tr class=\"row-2\">\n\t<td class=\"column-1\"><img loading=\"lazy\" decoding=\"async\" src=\"https:\/\/web\/ianoff\/www\/l2tekfz\/wp-content\/uploads\/2025\/05\/Symbol_Externer_Link-300x300.png\" alt=\"\" width=\"100\" height=\"100\" class=\"alignnone size-medium wp-image-5562\" srcset=\"https:\/\/ekfz.uni-goettingen.de\/wp-content\/uploads\/2025\/05\/Symbol_Externer_Link-300x300.png 300w, https:\/\/ekfz.uni-goettingen.de\/wp-content\/uploads\/2025\/05\/Symbol_Externer_Link-150x150.png 150w, https:\/\/ekfz.uni-goettingen.de\/wp-content\/uploads\/2025\/05\/Symbol_Externer_Link.png 512w\" sizes=\"auto, (max-width: 100px) 100vw, 100px\" \/><\/td>\n<\/tr>\n<tr class=\"row-3\">\n\t<td class=\"column-1\"><\/td>\n<\/tr>\n<tr class=\"row-4\">\n\t<td class=\"column-1\"><\/td>\n<\/tr>\n<tr class=\"row-5\">\n\t<td class=\"column-1\"><\/td>\n<\/tr>\n<\/tbody>\n<\/table>\n<!-- #tablepress-50 from cache -->\n<p class=\"\" data-start=\"153\" data-end=\"389\"><span class=\"relative -mx-px my-[-0.2rem] rounded px-px py-[0.2rem] transition-colors duration-100 ease-in-out\">Our website contains links to external third-party websites.<\/span> <span class=\"relative -mx-px my-[-0.2rem] rounded px-px py-[0.2rem] transition-colors duration-100 ease-in-out\">Please note that we have no influence on the content and privacy practices of these external sites.<\/span> <span class=\"relative -mx-px my-[-0.2rem] rounded px-px py-[0.2rem] transition-colors duration-100 ease-in-out\">When you follow such a link, you leave our website.<\/span> <span class=\"relative -mx-px my-[-0.2rem] rounded px-px py-[0.2rem] transition-colors duration-100 ease-in-out\">The processing of personal data on these external websites occurs outside our area of responsibility.<\/span> <span class=\"relative -mx-px my-[-0.2rem] rounded px-px py-[0.2rem] transition-colors duration-100 ease-in-out\">We therefore recommend that you carefully read the privacy policies of the linked pages before entering personal data there or using their services.<\/span><\/p>\n<p class=\"\" data-start=\"391\" data-end=\"509\"><span class=\"relative -mx-px my-[-0.2rem] rounded px-px py-[0.2rem] transition-colors duration-100 ease-in-out\">To show you that a link is external, we mark such links with a symbol (\u2197) or a corresponding note.<\/span> <span class=\"relative -mx-px my-[-0.2rem] rounded px-px py-[0.2rem] transition-colors duration-100 ease-in-out\">This way, you can easily recognize when you are leaving our website.<\/span><\/p>\n<p>&nbsp;<\/p>\n<h4>3. Right to Information; Deletion and Blocking<\/h4>\n<p>Users can request the statutory rights to information under GDPR and BDSG from the person responsible for content named in the imprint. The following rights are available to the user: <\/p>\n<ul>\n<li>\u2022 Right to information (Art. 15 GDPR)<\/li>\n<li>\u2022 Right to rectification (Art. 16 GDPR)<\/li>\n<li>\u2022 Right to erasure (Art. 17 GDPR)<\/li>\n<li>\u2022 Right to restriction of processing (Art. 18 GDPR)<\/li>\n<li>\u2022 Right to data portability (Art. 20 GDPR)<\/li>\n<li>\u2022 Right to object to processing (Art. 21 GDPR)<\/li>\n<\/ul>\n<p>The deletion or blocking of stored personal data is carried out in accordance with legal requirements. Users also have the right to complain to a data protection supervisory authority (e.g., to the data protection supervisory authority responsible for UMG, as specified above under 1.) in accordance with Art. 77 GDPR. <\/p>\n<p>Last updated: February 2025[\/vc_column_text][\/vc_column][\/vc_row]\n<\/div>","protected":false},"excerpt":{"rendered":"<p>[vc_row row_type=&#8221;main-section&#8221; stukram_section_layout=&#8221;section_grid&#8221;][vc_column][vc_column_text] 1. Scope This privacy policy informs users about the nature, scope, and purpose of the processing of personal data&#8230;<\/p>\n","protected":false},"author":2,"featured_media":0,"parent":0,"menu_order":52,"comment_status":"closed","ping_status":"closed","template":"","meta":{"_acf_changed":false,"footnotes":""},"class_list":["post-6520","page","type-page","status-publish","hentry"],"acf":[],"yoast_head":"<!-- This site is optimized with the Yoast SEO plugin v25.4 - https:\/\/yoast.com\/wordpress\/plugins\/seo\/ -->\n<title>Privacy Policy - ekfz<\/title>\n<meta name=\"robots\" content=\"index, follow, max-snippet:-1, max-image-preview:large, max-video-preview:-1\" \/>\n<link rel=\"canonical\" href=\"https:\/\/ekfz.uni-goettingen.de\/en\/privacy-policy\/\" \/>\n<meta property=\"og:locale\" content=\"en_US\" \/>\n<meta property=\"og:type\" content=\"article\" \/>\n<meta property=\"og:title\" content=\"Privacy Policy - ekfz\" \/>\n<meta property=\"og:description\" content=\"[vc_row row_type=&#8221;main-section&#8221; stukram_section_layout=&#8221;section_grid&#8221;][vc_column][vc_column_text] 1. Scope This privacy policy informs users about the nature, scope, and purpose of the processing of personal data...\" \/>\n<meta property=\"og:url\" content=\"https:\/\/ekfz.uni-goettingen.de\/en\/privacy-policy\/\" \/>\n<meta property=\"og:site_name\" content=\"ekfz\" \/>\n<meta property=\"article:modified_time\" content=\"2025-06-27T09:22:30+00:00\" \/>\n<meta name=\"twitter:card\" content=\"summary_large_image\" \/>\n<meta name=\"twitter:label1\" content=\"Est. reading time\" \/>\n\t<meta name=\"twitter:data1\" content=\"12 minutes\" \/>\n<script type=\"application\/ld+json\" class=\"yoast-schema-graph\">{\"@context\":\"https:\/\/schema.org\",\"@graph\":[{\"@type\":\"WebPage\",\"@id\":\"https:\/\/ekfz.uni-goettingen.de\/en\/privacy-policy\/\",\"url\":\"https:\/\/ekfz.uni-goettingen.de\/en\/privacy-policy\/\",\"name\":\"Privacy Policy - ekfz\",\"isPartOf\":{\"@id\":\"https:\/\/ekfz.uni-goettingen.de\/en\/#website\"},\"datePublished\":\"2025-02-18T15:54:50+00:00\",\"dateModified\":\"2025-06-27T09:22:30+00:00\",\"breadcrumb\":{\"@id\":\"https:\/\/ekfz.uni-goettingen.de\/en\/privacy-policy\/#breadcrumb\"},\"inLanguage\":\"en-US\",\"potentialAction\":[{\"@type\":\"ReadAction\",\"target\":[\"https:\/\/ekfz.uni-goettingen.de\/en\/privacy-policy\/\"]}]},{\"@type\":\"BreadcrumbList\",\"@id\":\"https:\/\/ekfz.uni-goettingen.de\/en\/privacy-policy\/#breadcrumb\",\"itemListElement\":[{\"@type\":\"ListItem\",\"position\":1,\"name\":\"Startseite\",\"item\":\"https:\/\/ekfz.uni-goettingen.de\/en\/\"},{\"@type\":\"ListItem\",\"position\":2,\"name\":\"Privacy Policy\"}]},{\"@type\":\"WebSite\",\"@id\":\"https:\/\/ekfz.uni-goettingen.de\/en\/#website\",\"url\":\"https:\/\/ekfz.uni-goettingen.de\/en\/\",\"name\":\"ekfz\",\"description\":\"Else Kr\u00f6ner Fresenius Zentrum f\u00fcr Optogenetische Therapien\",\"potentialAction\":[{\"@type\":\"SearchAction\",\"target\":{\"@type\":\"EntryPoint\",\"urlTemplate\":\"https:\/\/ekfz.uni-goettingen.de\/en\/?s={search_term_string}\"},\"query-input\":{\"@type\":\"PropertyValueSpecification\",\"valueRequired\":true,\"valueName\":\"search_term_string\"}}],\"inLanguage\":\"en-US\"}]}<\/script>\n<!-- \/ Yoast SEO plugin. -->","yoast_head_json":{"title":"Privacy Policy - ekfz","robots":{"index":"index","follow":"follow","max-snippet":"max-snippet:-1","max-image-preview":"max-image-preview:large","max-video-preview":"max-video-preview:-1"},"canonical":"https:\/\/ekfz.uni-goettingen.de\/en\/privacy-policy\/","og_locale":"en_US","og_type":"article","og_title":"Privacy Policy - ekfz","og_description":"[vc_row row_type=&#8221;main-section&#8221; stukram_section_layout=&#8221;section_grid&#8221;][vc_column][vc_column_text] 1. Scope This privacy policy informs users about the nature, scope, and purpose of the processing of personal data...","og_url":"https:\/\/ekfz.uni-goettingen.de\/en\/privacy-policy\/","og_site_name":"ekfz","article_modified_time":"2025-06-27T09:22:30+00:00","twitter_card":"summary_large_image","twitter_misc":{"Est. reading time":"12 minutes"},"schema":{"@context":"https:\/\/schema.org","@graph":[{"@type":"WebPage","@id":"https:\/\/ekfz.uni-goettingen.de\/en\/privacy-policy\/","url":"https:\/\/ekfz.uni-goettingen.de\/en\/privacy-policy\/","name":"Privacy Policy - ekfz","isPartOf":{"@id":"https:\/\/ekfz.uni-goettingen.de\/en\/#website"},"datePublished":"2025-02-18T15:54:50+00:00","dateModified":"2025-06-27T09:22:30+00:00","breadcrumb":{"@id":"https:\/\/ekfz.uni-goettingen.de\/en\/privacy-policy\/#breadcrumb"},"inLanguage":"en-US","potentialAction":[{"@type":"ReadAction","target":["https:\/\/ekfz.uni-goettingen.de\/en\/privacy-policy\/"]}]},{"@type":"BreadcrumbList","@id":"https:\/\/ekfz.uni-goettingen.de\/en\/privacy-policy\/#breadcrumb","itemListElement":[{"@type":"ListItem","position":1,"name":"Startseite","item":"https:\/\/ekfz.uni-goettingen.de\/en\/"},{"@type":"ListItem","position":2,"name":"Privacy Policy"}]},{"@type":"WebSite","@id":"https:\/\/ekfz.uni-goettingen.de\/en\/#website","url":"https:\/\/ekfz.uni-goettingen.de\/en\/","name":"ekfz","description":"Else Kr\u00f6ner Fresenius Zentrum f\u00fcr Optogenetische Therapien","potentialAction":[{"@type":"SearchAction","target":{"@type":"EntryPoint","urlTemplate":"https:\/\/ekfz.uni-goettingen.de\/en\/?s={search_term_string}"},"query-input":{"@type":"PropertyValueSpecification","valueRequired":true,"valueName":"search_term_string"}}],"inLanguage":"en-US"}]}},"_links":{"self":[{"href":"https:\/\/ekfz.uni-goettingen.de\/en\/wp-json\/wp\/v2\/pages\/6520","targetHints":{"allow":["GET"]}}],"collection":[{"href":"https:\/\/ekfz.uni-goettingen.de\/en\/wp-json\/wp\/v2\/pages"}],"about":[{"href":"https:\/\/ekfz.uni-goettingen.de\/en\/wp-json\/wp\/v2\/types\/page"}],"author":[{"embeddable":true,"href":"https:\/\/ekfz.uni-goettingen.de\/en\/wp-json\/wp\/v2\/users\/2"}],"replies":[{"embeddable":true,"href":"https:\/\/ekfz.uni-goettingen.de\/en\/wp-json\/wp\/v2\/comments?post=6520"}],"version-history":[{"count":1,"href":"https:\/\/ekfz.uni-goettingen.de\/en\/wp-json\/wp\/v2\/pages\/6520\/revisions"}],"predecessor-version":[{"id":6523,"href":"https:\/\/ekfz.uni-goettingen.de\/en\/wp-json\/wp\/v2\/pages\/6520\/revisions\/6523"}],"wp:attachment":[{"href":"https:\/\/ekfz.uni-goettingen.de\/en\/wp-json\/wp\/v2\/media?parent=6520"}],"curies":[{"name":"wp","href":"https:\/\/api.w.org\/{rel}","templated":true}]}}