{"id":6502,"date":"2025-02-18T16:54:10","date_gmt":"2025-02-18T15:54:10","guid":{"rendered":"https:\/\/ekfz.uni-goettingen.de\/imprint\/"},"modified":"2025-06-27T11:22:08","modified_gmt":"2025-06-27T09:22:08","slug":"imprint","status":"publish","type":"page","link":"https:\/\/ekfz.uni-goettingen.de\/en\/imprint\/","title":{"rendered":"Imprint"},"content":{"rendered":"<div class=\"wpb-content-wrapper\">[vc_section full_width=&#8221;stretch_row_content&#8221;][vc_row row_type=&#8221;main-section&#8221; stukram_section_layout=&#8221;section_grid&#8221;][vc_column][vc_column_text]\n<h4>Publisher of the Website<\/h4>\n<p><strong>Georg-August-University G\u00f6ttingen<\/strong><br \/>\nPublic Law Foundation<br \/>\nUniversity Medical Center G\u00f6ttingen<br \/>\nRobert-Koch-Str. 40<br \/>\n37075 G\u00f6ttingen <\/p>\n<p><strong>Mailing address<\/strong>:<br \/>\n37099 G\u00f6ttingen<\/p>\n<p><strong>Represented by the Board<\/strong><br \/>\nPhone: 0551 390<br \/>\nEmail: <a href=\"https:\/\/www.umg.eu\/impressum\/\">poststelle(at)med.uni-goettingen.de<\/a><br \/>\n(hereinafter referred to as \u201cUniversity Medical Center G\u00f6ttingen\u201d)<\/p>\n<p><strong> <\/strong><\/p>\n<h4>Supervisory Authority<\/h4>\n<p><a href=\"https:\/\/www.umg.eu\/ueber-uns\/stiftung\/stiftungsausschuss\/\">Foundation Committee of the University Medical Center G\u00f6ttingen<\/a><br \/>\nVAT Identification Number<br \/>\nDE 286005408<\/p>\n<p><strong> <\/strong><\/p>\n<h4>Responsible for the Content of the UMG Main Portal<\/h4>\n<p><a href=\"https:\/\/www.umg.eu\/ueber-uns\/vorstand\/\">Board of the University Medical Center G\u00f6ttingen<\/a><br \/>\nBoard Member for Research and Teaching: Prof. Dr. Wolfgang Br\u00fcck<br \/>\nBoard Member for Patient Care: Prof. Dr. Lorenz Tr\u00fcmper<br \/>\nBoard Member for Economic Management and Administration: Jens Finke<\/p>\n<p><strong> <\/strong><\/p>\n<h4>Responsible Medical Association<\/h4>\n<p><a href=\"https:\/\/www.aekn.de\/\">State Medical Association of Lower Saxony (Professional Code of Conduct)<\/a><br \/>\nBerliner Allee 20<br \/>\n30175 Hannover<\/p>\n<p><strong> <\/strong><\/p>\n<h4>Responsible Dental Association<\/h4>\n<p><a href=\"https:\/\/zkn.de\/\">Dental Association of Lower Saxony (Professional Code of Conduct)<\/a><br \/>\nZei\u00dfstra\u00dfe 11a<br \/>\n30519 Hannover<\/p>\n<p><strong> <\/strong><\/p>\n<h4>Responsible Pharmacy Association<\/h4>\n<p><a href=\"http:\/\/www.apothekerkammer-niedersachsen.de\/\">Pharmacy Association of Lower Saxony (Professional Code of Conduct)<\/a><br \/>\nAn der Markuskirche 4<br \/>\n30163 Hannover<\/p>\n<p><strong> <\/strong><\/p>\n<h4>Responsible Psychotherapist Association<\/h4>\n<p><a href=\"http:\/\/www.pknds.de\/\">Psychotherapist Association of Lower Saxony<\/a><br \/>\nLeisewitzstr. 47<br \/>\n30175 Hannover <\/p>\n<p><strong> <\/strong><\/p>\n<h4>Realization \/ Implementation<\/h4>\n<p>Concept &amp; Design: <a href=\"https:\/\/www.agentur-brandung.de\/\">brandung<\/a> GmbH &amp; Co. KG<br \/>\nTechnical Implementation: brandung GmbH &amp; Co. KG<br \/>\nThe application is based on <a href=\"https:\/\/wordpress.org\/\">WordPress<\/a>.<\/p>\n<p><strong> <\/strong><\/p>\n<h4>Scope of this Legal Notice<\/h4>\n<p>This legal notice applies to the central information services of the Board of the University Medical Center G\u00f6ttingen on the internet, which are marked by this legal notice and accessible via the URLs www.med.uni-goettingen.de, www.umg.eu, and www.universitaetsmedizin-goettingen.de, as well as for all homepages and websites of the non-legal departments, institutes, and other administrative units of the University Medical Center G\u00f6ttingen that link to or refer to this legal notice. For all other pages on this web server, the responsibility for content lies with the respective departments or persons who created the pages. <\/p>\n<p><strong> <\/strong><\/p>\n<h4>Disclaimer for the Content of the Online Service<\/h4>\n<p>The contents of this website are created with the utmost care. However, the University Medical Center G\u00f6ttingen does not guarantee the timeliness, accuracy, completeness, and quality of the information provided. The University Medical Center G\u00f6ttingen is not liable for damages of a material or immaterial nature caused directly or indirectly by the use or non-use of the contents or by the use or non-use of incorrect and incomplete information. Use is at your own risk.   <\/p>\n<p>Despite careful content control, we assume no liability for the content of external links. The operators of the linked pages are solely responsible for their content. Permanent content control of the linked pages is not reasonable without concrete evidence of a legal violation; upon becoming aware of such violations, we will remove such links immediately. The University Medical Center G\u00f6ttingen also reserves the right to change, supplement, or delete parts of the pages or the entire offer without special announcement.   <\/p>\n<p><strong> <\/strong><\/p>\n<h4>Copyright and Trademark Law<\/h4>\n<p>The layout of the homepage, the graphics used, and other content of the University Medical Center G\u00f6ttingen&#8217;s internet presence are subject to German copyright and trademark law. The University Medical Center G\u00f6ttingen always strives to respect the copyrights of others or to use self-created and license-free works. Any use not permitted under German copyright and trademark law requires the prior written consent of the University Medical Center G\u00f6ttingen or the respective rights holder.  <\/p>\n<p>This applies in particular to reproduction, editing, translation, storage, processing, or reproduction of content in databases or other electronic media and systems. Third-party content and rights are marked as such. Unauthorized reproduction or distribution of individual contents or complete pages is not permitted and is punishable by law. Only the production of copies and downloads of internet pages for private, scientific, and non-commercial use is permitted. The presentation of this website in external frames is only permitted with written permission.    <\/p>\n<p><strong> <\/strong><\/p>\n<h4>Naming  Use of the \u201cUMG\u201d Brand<\/h4>\n<p>The name \u201cUMG\u201d is registered as a European trademark. Use for commercial purposes (especially in advertising) is only permitted with prior written permission from the University Medical Center G\u00f6ttingen as the trademark owner. <\/p>\n<p><strong> <\/strong><\/p>\n<h4>Image Credits<\/h4>\n<p>The University Medical Center G\u00f6ttingen thanks all photographers who give us their consent to use their images in the UMG&#8217;s web presence. We also thank all depicted individuals who have consented to the publication of their photos. [\/vc_column_text][\/vc_column][\/vc_row][\/vc_section]\n<\/div>","protected":false},"excerpt":{"rendered":"<p>[vc_section full_width=&#8221;stretch_row_content&#8221;][vc_row row_type=&#8221;main-section&#8221; stukram_section_layout=&#8221;section_grid&#8221;][vc_column][vc_column_text] Publisher of the Website Georg-August-University G\u00f6ttingen Public Law Foundation University Medical Center G\u00f6ttingen Robert-Koch-Str. 40 37075 G\u00f6ttingen Mailing&#8230;<\/p>\n","protected":false},"author":2,"featured_media":0,"parent":0,"menu_order":54,"comment_status":"closed","ping_status":"closed","template":"","meta":{"_acf_changed":false,"footnotes":""},"class_list":["post-6502","page","type-page","status-publish","hentry"],"acf":[],"yoast_head":"<!-- This site is optimized with the Yoast SEO plugin v25.4 - https:\/\/yoast.com\/wordpress\/plugins\/seo\/ -->\n<title>Imprint - ekfz<\/title>\n<meta name=\"robots\" content=\"index, follow, max-snippet:-1, max-image-preview:large, max-video-preview:-1\" \/>\n<link rel=\"canonical\" href=\"https:\/\/ekfz.uni-goettingen.de\/en\/imprint\/\" \/>\n<meta property=\"og:locale\" content=\"en_US\" \/>\n<meta property=\"og:type\" content=\"article\" \/>\n<meta property=\"og:title\" content=\"Imprint - ekfz\" \/>\n<meta property=\"og:description\" content=\"[vc_section full_width=&#8221;stretch_row_content&#8221;][vc_row row_type=&#8221;main-section&#8221; stukram_section_layout=&#8221;section_grid&#8221;][vc_column][vc_column_text] Publisher of the Website Georg-August-University G\u00f6ttingen Public Law Foundation University Medical Center G\u00f6ttingen Robert-Koch-Str. 40 37075 G\u00f6ttingen Mailing...\" \/>\n<meta property=\"og:url\" content=\"https:\/\/ekfz.uni-goettingen.de\/en\/imprint\/\" \/>\n<meta property=\"og:site_name\" content=\"ekfz\" \/>\n<meta property=\"article:modified_time\" content=\"2025-06-27T09:22:08+00:00\" \/>\n<meta name=\"twitter:card\" content=\"summary_large_image\" \/>\n<meta name=\"twitter:label1\" content=\"Est. reading time\" \/>\n\t<meta name=\"twitter:data1\" content=\"3 minutes\" \/>\n<script type=\"application\/ld+json\" class=\"yoast-schema-graph\">{\"@context\":\"https:\/\/schema.org\",\"@graph\":[{\"@type\":\"WebPage\",\"@id\":\"https:\/\/ekfz.uni-goettingen.de\/en\/imprint\/\",\"url\":\"https:\/\/ekfz.uni-goettingen.de\/en\/imprint\/\",\"name\":\"Imprint - ekfz\",\"isPartOf\":{\"@id\":\"https:\/\/ekfz.uni-goettingen.de\/en\/#website\"},\"datePublished\":\"2025-02-18T15:54:10+00:00\",\"dateModified\":\"2025-06-27T09:22:08+00:00\",\"breadcrumb\":{\"@id\":\"https:\/\/ekfz.uni-goettingen.de\/en\/imprint\/#breadcrumb\"},\"inLanguage\":\"en-US\",\"potentialAction\":[{\"@type\":\"ReadAction\",\"target\":[\"https:\/\/ekfz.uni-goettingen.de\/en\/imprint\/\"]}]},{\"@type\":\"BreadcrumbList\",\"@id\":\"https:\/\/ekfz.uni-goettingen.de\/en\/imprint\/#breadcrumb\",\"itemListElement\":[{\"@type\":\"ListItem\",\"position\":1,\"name\":\"Startseite\",\"item\":\"https:\/\/ekfz.uni-goettingen.de\/en\/\"},{\"@type\":\"ListItem\",\"position\":2,\"name\":\"Imprint\"}]},{\"@type\":\"WebSite\",\"@id\":\"https:\/\/ekfz.uni-goettingen.de\/en\/#website\",\"url\":\"https:\/\/ekfz.uni-goettingen.de\/en\/\",\"name\":\"ekfz\",\"description\":\"Else Kr\u00f6ner Fresenius Zentrum f\u00fcr Optogenetische Therapien\",\"potentialAction\":[{\"@type\":\"SearchAction\",\"target\":{\"@type\":\"EntryPoint\",\"urlTemplate\":\"https:\/\/ekfz.uni-goettingen.de\/en\/?s={search_term_string}\"},\"query-input\":{\"@type\":\"PropertyValueSpecification\",\"valueRequired\":true,\"valueName\":\"search_term_string\"}}],\"inLanguage\":\"en-US\"}]}<\/script>\n<!-- \/ Yoast SEO plugin. -->","yoast_head_json":{"title":"Imprint - ekfz","robots":{"index":"index","follow":"follow","max-snippet":"max-snippet:-1","max-image-preview":"max-image-preview:large","max-video-preview":"max-video-preview:-1"},"canonical":"https:\/\/ekfz.uni-goettingen.de\/en\/imprint\/","og_locale":"en_US","og_type":"article","og_title":"Imprint - ekfz","og_description":"[vc_section full_width=&#8221;stretch_row_content&#8221;][vc_row row_type=&#8221;main-section&#8221; stukram_section_layout=&#8221;section_grid&#8221;][vc_column][vc_column_text] Publisher of the Website Georg-August-University G\u00f6ttingen Public Law Foundation University Medical Center G\u00f6ttingen Robert-Koch-Str. 40 37075 G\u00f6ttingen Mailing...","og_url":"https:\/\/ekfz.uni-goettingen.de\/en\/imprint\/","og_site_name":"ekfz","article_modified_time":"2025-06-27T09:22:08+00:00","twitter_card":"summary_large_image","twitter_misc":{"Est. reading time":"3 minutes"},"schema":{"@context":"https:\/\/schema.org","@graph":[{"@type":"WebPage","@id":"https:\/\/ekfz.uni-goettingen.de\/en\/imprint\/","url":"https:\/\/ekfz.uni-goettingen.de\/en\/imprint\/","name":"Imprint - ekfz","isPartOf":{"@id":"https:\/\/ekfz.uni-goettingen.de\/en\/#website"},"datePublished":"2025-02-18T15:54:10+00:00","dateModified":"2025-06-27T09:22:08+00:00","breadcrumb":{"@id":"https:\/\/ekfz.uni-goettingen.de\/en\/imprint\/#breadcrumb"},"inLanguage":"en-US","potentialAction":[{"@type":"ReadAction","target":["https:\/\/ekfz.uni-goettingen.de\/en\/imprint\/"]}]},{"@type":"BreadcrumbList","@id":"https:\/\/ekfz.uni-goettingen.de\/en\/imprint\/#breadcrumb","itemListElement":[{"@type":"ListItem","position":1,"name":"Startseite","item":"https:\/\/ekfz.uni-goettingen.de\/en\/"},{"@type":"ListItem","position":2,"name":"Imprint"}]},{"@type":"WebSite","@id":"https:\/\/ekfz.uni-goettingen.de\/en\/#website","url":"https:\/\/ekfz.uni-goettingen.de\/en\/","name":"ekfz","description":"Else Kr\u00f6ner Fresenius Zentrum f\u00fcr Optogenetische Therapien","potentialAction":[{"@type":"SearchAction","target":{"@type":"EntryPoint","urlTemplate":"https:\/\/ekfz.uni-goettingen.de\/en\/?s={search_term_string}"},"query-input":{"@type":"PropertyValueSpecification","valueRequired":true,"valueName":"search_term_string"}}],"inLanguage":"en-US"}]}},"_links":{"self":[{"href":"https:\/\/ekfz.uni-goettingen.de\/en\/wp-json\/wp\/v2\/pages\/6502","targetHints":{"allow":["GET"]}}],"collection":[{"href":"https:\/\/ekfz.uni-goettingen.de\/en\/wp-json\/wp\/v2\/pages"}],"about":[{"href":"https:\/\/ekfz.uni-goettingen.de\/en\/wp-json\/wp\/v2\/types\/page"}],"author":[{"embeddable":true,"href":"https:\/\/ekfz.uni-goettingen.de\/en\/wp-json\/wp\/v2\/users\/2"}],"replies":[{"embeddable":true,"href":"https:\/\/ekfz.uni-goettingen.de\/en\/wp-json\/wp\/v2\/comments?post=6502"}],"version-history":[{"count":2,"href":"https:\/\/ekfz.uni-goettingen.de\/en\/wp-json\/wp\/v2\/pages\/6502\/revisions"}],"predecessor-version":[{"id":6504,"href":"https:\/\/ekfz.uni-goettingen.de\/en\/wp-json\/wp\/v2\/pages\/6502\/revisions\/6504"}],"wp:attachment":[{"href":"https:\/\/ekfz.uni-goettingen.de\/en\/wp-json\/wp\/v2\/media?parent=6502"}],"curies":[{"name":"wp","href":"https:\/\/api.w.org\/{rel}","templated":true}]}}